{"id":2430,"date":"2023-10-13T17:27:55","date_gmt":"2023-10-13T14:27:55","guid":{"rendered":"https:\/\/aristone.redzidigital.com\/kontakti\/"},"modified":"2024-06-05T21:33:54","modified_gmt":"2024-06-05T18:33:54","slug":"kontakti","status":"publish","type":"page","link":"https:\/\/aristone.redzidigital.com\/en\/kontakti\/","title":{"rendered":"Contact"},"content":{"rendered":"\n<p>Ra\u017eotne \/ Birojs:<br>Lejupes iela 14, \u0100da\u017ei, \u0100da\u017eu novads, LV-2164<\/p>\n\n\n\n<p><strong><u>Before arriving, we invite you to apply for an appointment .<\/u><\/strong><\/p>\n\n\n\n<p>Telephone number: +371 2640 7664,<br>e-mail: info@aristone.lv<\/p>\n\n\n\n<p>Monday \u2013 Friday: 9:00 \u2013 17:00<br>Saturday, sunday \u2013 closed<\/p>\n\n\n\n<p><strong>SIA \u201cARI Stone\u201d<\/strong><br>Registration num. 40203254245<br>Bank: AS Swedbanka<br>IBAN: LV51HABA0551049054812<\/p>\n","protected":false},"excerpt":{"rendered":"<p>Ra\u017eotne \/ Birojs:Lejupes iela 14, \u0100da\u017ei, \u0100da\u017eu novads, LV-2164 Before arriving, we invite you to apply for an appointment . [&hellip;]<\/p>\n","protected":false},"author":1,"featured_media":1509,"parent":0,"menu_order":0,"comment_status":"closed","ping_status":"closed","template":"","meta":{"_acf_changed":false,"footnotes":""},"class_list":["post-2430","page","type-page","status-publish","has-post-thumbnail","hentry"],"acf":[],"_links":{"self":[{"href":"https:\/\/aristone.redzidigital.com\/en\/wp-json\/wp\/v2\/pages\/2430"}],"collection":[{"href":"https:\/\/aristone.redzidigital.com\/en\/wp-json\/wp\/v2\/pages"}],"about":[{"href":"https:\/\/aristone.redzidigital.com\/en\/wp-json\/wp\/v2\/types\/page"}],"author":[{"embeddable":true,"href":"https:\/\/aristone.redzidigital.com\/en\/wp-json\/wp\/v2\/users\/1"}],"replies":[{"embeddable":true,"href":"https:\/\/aristone.redzidigital.com\/en\/wp-json\/wp\/v2\/comments?post=2430"}],"version-history":[{"count":3,"href":"https:\/\/aristone.redzidigital.com\/en\/wp-json\/wp\/v2\/pages\/2430\/revisions"}],"predecessor-version":[{"id":2607,"href":"https:\/\/aristone.redzidigital.com\/en\/wp-json\/wp\/v2\/pages\/2430\/revisions\/2607"}],"wp:featuredmedia":[{"embeddable":true,"href":"https:\/\/aristone.redzidigital.com\/en\/wp-json\/wp\/v2\/media\/1509"}],"wp:attachment":[{"href":"https:\/\/aristone.redzidigital.com\/en\/wp-json\/wp\/v2\/media?parent=2430"}],"curies":[{"name":"wp","href":"https:\/\/api.w.org\/{rel}","templated":true}]}}